{"id":23,"date":"2024-11-15T10:33:14","date_gmt":"2024-11-15T10:33:14","guid":{"rendered":"https:\/\/lungs.azurewebsites.net\/?page_id=23"},"modified":"2025-09-18T14:21:38","modified_gmt":"2025-09-18T14:21:38","slug":"medische-informatie","status":"publish","type":"page","link":"https:\/\/lungs.fr\/nl\/medische-informatie\/","title":{"rendered":"De eerste raadpleging"},"content":{"rendered":"<p><\/p>\n\n\n\n<p><strong>Wat gebeurt er tijdens het eerste consult?<\/strong><\/p>\n\n\n\n<p>Wanneer je aankomt, zal de medisch assistent je administratief dossier verzorgen of bijwerken, evenals het eerste onderzoek om je ademhalingscapaciteit te meten.<\/p>\n\n\n\n<p>Dit gebeurt in een glazen cabine zoals hierboven afgebeeld. Je wordt gevraagd om eerst rustig in en uit te ademen, daarna wordt je gevraagd om \u00e9\u00e9n keer hard in en uit te ademen. De gegevens van deze meting zijn nodig als basis voor een goede diagnose.<\/p>\n\n\n\n<figure class=\"wp-block-image size-full is-resized\"><img loading=\"lazy\" decoding=\"async\" width=\"1900\" height=\"1427\" src=\"\/wp-content\/uploads\/2025\/09\/Vyntus-BODY.jpg\" alt=\"\" class=\"wp-image-275\" style=\"width:497px;height:auto\" srcset=\"\/wp-content\/uploads\/2025\/09\/Vyntus-BODY.jpg 1900w, \/wp-content\/uploads\/2025\/09\/Vyntus-BODY-300x225.jpg 300w, \/wp-content\/uploads\/2025\/09\/Vyntus-BODY-1024x769.jpg 1024w, \/wp-content\/uploads\/2025\/09\/Vyntus-BODY-768x577.jpg 768w, \/wp-content\/uploads\/2025\/09\/Vyntus-BODY-1536x1154.jpg 1536w\" sizes=\"auto, (max-width: 767px) 89vw, (max-width: 1000px) 54vw, (max-width: 1071px) 543px, 580px\" \/><\/figure>\n\n\n\n<p><\/p>\n\n\n\n<p><\/p>\n\n\n\n<p><br><\/p>\n\n\n\n<figure class=\"wp-block-image size-full is-resized\"><img loading=\"lazy\" decoding=\"async\" width=\"1280\" height=\"930\" src=\"\/wp-content\/uploads\/2025\/09\/Karin-Groenewegen-1.jpeg\" alt=\"\" class=\"wp-image-280\" style=\"width:375px;height:auto\" srcset=\"\/wp-content\/uploads\/2025\/09\/Karin-Groenewegen-1.jpeg 1280w, \/wp-content\/uploads\/2025\/09\/Karin-Groenewegen-1-300x218.jpeg 300w, \/wp-content\/uploads\/2025\/09\/Karin-Groenewegen-1-1024x744.jpeg 1024w, \/wp-content\/uploads\/2025\/09\/Karin-Groenewegen-1-768x558.jpeg 768w\" sizes=\"auto, (max-width: 767px) 89vw, (max-width: 1000px) 54vw, (max-width: 1071px) 543px, 580px\" \/><\/figure>\n\n\n\n<p><\/p>\n\n\n\n<p>Zodra uw ademhalingscapaciteit is gemeten, zal Dr Groenewegen u zien voor uw consult.<\/p>\n\n\n\n<p>Het consult duurt gemiddeld 30 minuten als je voor de eerste keer komt.<\/p>\n\n\n\n<p>Als je langskomt voor een controle, kan het korter.<\/p>\n\n\n\n<p>De duur van het consult kan vari\u00ebren afhankelijk van wat er nodig is, maar het doel is altijd om ervoor te zorgen dat er voldoende tijd is om je klachten en problemen goed te bespreken.<\/p>\n\n\n\n<p>Een familielid of iemand die je kent meenemen naar het consult kan helpen.<\/p>\n\n\n\n<p>We vragen je ook om relevante informatie over je gezondheid en je achtergrond (zie ook de link op de website \"Wat we vragen\").<\/p>\n\n\n\n<p><\/p>","protected":false},"excerpt":{"rendered":"<p>La premi\u00e8re consultation, comment cela se passe-t-il concr\u00e8tement&nbsp;? \u00c0 votre arriv\u00e9e l&rsquo;assistante m\u00e9dicale vous prend en charge pour votre dossier administratif ou la mise \u00e0 jour de ce dernier ainsi que le premier examen de la mesure de votre capacit\u00e9 respiratoire. Cela se d\u00e9roule dans une cabine en verre comme illustr\u00e9 ci-dessus. On vous demandera &hellip; <\/p>\n<p class=\"link-more\"><a href=\"https:\/\/lungs.fr\/nl\/medische-informatie\/\" class=\"more-link\">Lees verder <span class=\"screen-reader-text\">\u00ab\u00a0La premi\u00e8re consultation\u00a0\u00bb<\/span><\/a><\/p>","protected":false},"author":1,"featured_media":0,"parent":0,"menu_order":0,"comment_status":"closed","ping_status":"closed","template":"","meta":{"footnotes":""},"class_list":["post-23","page","type-page","status-publish","hentry"],"_links":{"self":[{"href":"https:\/\/lungs.fr\/nl\/wp-json\/wp\/v2\/pages\/23","targetHints":{"allow":["GET"]}}],"collection":[{"href":"https:\/\/lungs.fr\/nl\/wp-json\/wp\/v2\/pages"}],"about":[{"href":"https:\/\/lungs.fr\/nl\/wp-json\/wp\/v2\/types\/page"}],"author":[{"embeddable":true,"href":"https:\/\/lungs.fr\/nl\/wp-json\/wp\/v2\/users\/1"}],"replies":[{"embeddable":true,"href":"https:\/\/lungs.fr\/nl\/wp-json\/wp\/v2\/comments?post=23"}],"version-history":[{"count":27,"href":"https:\/\/lungs.fr\/nl\/wp-json\/wp\/v2\/pages\/23\/revisions"}],"predecessor-version":[{"id":466,"href":"https:\/\/lungs.fr\/nl\/wp-json\/wp\/v2\/pages\/23\/revisions\/466"}],"wp:attachment":[{"href":"https:\/\/lungs.fr\/nl\/wp-json\/wp\/v2\/media?parent=23"}],"curies":[{"name":"wp","href":"https:\/\/api.w.org\/{rel}","templated":true}]}}