{"id":35,"date":"2024-11-15T10:50:32","date_gmt":"2024-11-15T10:50:32","guid":{"rendered":"https:\/\/lungs.azurewebsites.net\/?page_id=35"},"modified":"2026-01-13T16:17:23","modified_gmt":"2026-01-13T16:17:23","slug":"make-an-appointment","status":"publish","type":"page","link":"https:\/\/lungs.fr\/en\/make-an-appointment\/","title":{"rendered":"Make an appointment"},"content":{"rendered":"<figure class=\"wp-block-image size-full is-resized\"><img loading=\"lazy\" decoding=\"async\" width=\"128\" height=\"128\" src=\"\/wp-content\/uploads\/2024\/11\/26197094-telefoon-icoon-symbool-ontwerp-illustratie-vector-4-e1733405131121.jpg\" alt=\"\" class=\"wp-image-129\" style=\"width:73px;height:auto\"\/><\/figure>\n\n\n\n<p>You can obtain information by telephone or make an appointment with the Secretariat on the following telephone number:<\/p>\n\n\n\n<p><strong>09 87349752  <\/strong><\/p>\n\n\n\n<p><\/p>\n\n\n\n<p>Opening hours Secretariat :<\/p>\n\n\n\n<p>Monday 09.00-12.00 14.00-17.30<\/p>\n\n\n\n<p>Tuesday 09.00-12.00 14.00-17.30<\/p>\n\n\n\n<p>Wednesday 09.00-12.00 14.00-17.30<\/p>\n\n\n\n<p>Thursday 09.00 -12.00 14.00-17.30<\/p>\n\n\n\n<p>Friday: Closed<\/p>\n\n\n\n<p>Weekend : Closed <\/p>\n\n\n\n<p><strong>IMPORTANT<\/strong> : <\/p>\n\n\n\n<p>It is of course always \/ 24\/7 possible to book \/ cancel yourself an appointment via the Doctolib website via this link:  <\/p>\n\n\n\n<p><a href=\"https:\/\/www.doctolib.fr\/pneumologue\/ales\/karin-groenewegen-sipkema\">https:\/\/www.doctolib.fr\/pneumologue\/ales\/karin-groenewegen-sipkema<\/a><\/p>\n\n\n\n<p><\/p>\n\n\n\n<p><\/p>\n\n\n\n<p><strong>By Email :<\/strong><\/p>\n\n\n\n<figure class=\"wp-block-image size-full is-resized\"><img loading=\"lazy\" decoding=\"async\" width=\"128\" height=\"128\" src=\"\/wp-content\/uploads\/2024\/11\/482138.png\" alt=\"\" class=\"wp-image-126\" style=\"width:77px;height:auto\" srcset=\"\/wp-content\/uploads\/2024\/11\/482138.png 128w, \/wp-content\/uploads\/2024\/11\/482138-100x100.png 100w\" sizes=\"auto, (max-width: 128px) 100vw, 128px\" \/><\/figure>\n\n\n\n<p>If you have any questions or would like to submit something in writing, you can also do so via the following e-mail address:<\/p>\n\n\n\n<p>Email : Secretariat@lungs.fr<\/p>\n\n\n\n<p><\/p>\n\n\n\n<p><\/p>\n\n\n\n<p><strong>Important notice: Cancel or reschedule an appointment<\/strong><\/p>\n\n\n\n<p>If you are unable to attend your appointment, please contact the secretary's office by telephone or e-mail, so that a place can be made available for another patient.<\/p>\n\n\n\n<p>Telephone number 0987349752 or e-mail: secretariat@lungs.fr<\/p>\n\n\n\n<p><\/p>\n\n\n\n<p>Waiting time<br>You can usually get a short-term appointment (1 to 2 weeks).<\/p>\n\n\n\n<p><\/p>\n\n\n\n<p class=\"has-vivid-cyan-blue-color has-text-color has-link-color wp-elements-05632029db11419b895fe2527d27a9af\"><\/p>\n\n\n\n<p><\/p>\n\n\n\n<p><\/p>\n\n\n\n<p class=\"has-vivid-cyan-blue-color has-text-color has-link-color wp-elements-05632029db11419b895fe2527d27a9af\"><\/p>\n\n\n\n<p><\/p>\n\n\n\n<p class=\"has-vivid-cyan-blue-color has-text-color has-link-color wp-elements-05632029db11419b895fe2527d27a9af\"><\/p>\n\n\n\n<p class=\"has-vivid-cyan-blue-color has-text-color has-link-color wp-elements-05632029db11419b895fe2527d27a9af\"><\/p>\n\n\n\n<p><\/p>\n\n\n\n<p class=\"has-vivid-cyan-blue-color has-text-color has-link-color wp-elements-05632029db11419b895fe2527d27a9af\"><\/p>\n\n\n\n<p><\/p>\n\n\n\n<p><\/p>\n\n\n\n<p><\/p>","protected":false},"excerpt":{"rendered":"<p>Vous pouvez vous renseigner par t\u00e9l\u00e9phone ou prendre rendez-vous aupr\u00e8s du Secr\u00e9tariat au num\u00e9ro de t\u00e9l\u00e9phone suivant : 09 87349752 Heures d&rsquo;ouverture Secr\u00e9tariat : Lundi &nbsp;&nbsp;&nbsp;&nbsp;&nbsp;&nbsp;&nbsp;&nbsp; 09.00-12.00 &nbsp;&nbsp;&nbsp; 14.00-17.30 Mardi&nbsp;&nbsp;&nbsp;&nbsp;&nbsp;&nbsp;&nbsp;&nbsp;&nbsp;&nbsp; 09.00-12.00&nbsp;&nbsp;&nbsp;&nbsp; 14.00-17.30 Mercredi &nbsp;&nbsp;&nbsp;09.00-12.00 &nbsp;&nbsp;&nbsp; 14.00-17.30 Jeudi &nbsp;&nbsp;&nbsp;&nbsp;&nbsp; 09.00 -12.00 &nbsp;&nbsp; 14.00-17.30 Vendredi \u00a0:\u00a0\u00a0 Ferme Weekend : Ferme IMPORTANT : Il est bien entendu toujours &hellip; <\/p>\n<p class=\"link-more\"><a href=\"https:\/\/lungs.fr\/en\/make-an-appointment\/\" class=\"more-link\">Continue reading<span class=\"screen-reader-text\"> \u00ab\u00a0Prendre rendez-vous\u00a0\u00bb<\/span><\/a><\/p>","protected":false},"author":1,"featured_media":0,"parent":0,"menu_order":0,"comment_status":"closed","ping_status":"closed","template":"","meta":{"footnotes":""},"class_list":["post-35","page","type-page","status-publish","hentry"],"_links":{"self":[{"href":"https:\/\/lungs.fr\/en\/wp-json\/wp\/v2\/pages\/35","targetHints":{"allow":["GET"]}}],"collection":[{"href":"https:\/\/lungs.fr\/en\/wp-json\/wp\/v2\/pages"}],"about":[{"href":"https:\/\/lungs.fr\/en\/wp-json\/wp\/v2\/types\/page"}],"author":[{"embeddable":true,"href":"https:\/\/lungs.fr\/en\/wp-json\/wp\/v2\/users\/1"}],"replies":[{"embeddable":true,"href":"https:\/\/lungs.fr\/en\/wp-json\/wp\/v2\/comments?post=35"}],"version-history":[{"count":65,"href":"https:\/\/lungs.fr\/en\/wp-json\/wp\/v2\/pages\/35\/revisions"}],"predecessor-version":[{"id":479,"href":"https:\/\/lungs.fr\/en\/wp-json\/wp\/v2\/pages\/35\/revisions\/479"}],"wp:attachment":[{"href":"https:\/\/lungs.fr\/en\/wp-json\/wp\/v2\/media?parent=35"}],"curies":[{"name":"wp","href":"https:\/\/api.w.org\/{rel}","templated":true}]}}