{"id":21,"date":"2024-11-15T10:33:14","date_gmt":"2024-11-15T10:33:14","guid":{"rendered":"https:\/\/lungs.azurewebsites.net\/?page_id=21"},"modified":"2025-09-18T14:17:13","modified_gmt":"2025-09-18T14:17:13","slug":"bring","status":"publish","type":"page","link":"https:\/\/lungs.fr\/en\/bring\/","title":{"rendered":"Medical information"},"content":{"rendered":"<p>In order to be able to help you in the best possible way, it is important that we have an overview of all your medical data. We therefore ask you to provide us with relevant information about your health and medical history. You may not have all the information available, <strong>but if possible,<\/strong> please bring with you :<\/p>\n\n\n\n<p>Valid Carte Vitale (if you don't have one, you're welcome to join too)<\/p>\n\n\n\n<p>Referral letter from your GP<\/p>\n\n\n\n<p>X-ray or CT scan performed&nbsp;<\/p>\n\n\n\n<p>Information about your current treatment&nbsp;<\/p>\n\n\n\n<p>You can bring a family member or acquaintance to the consultation if this helps.<\/p>\n\n\n\n<h2 class=\"wp-block-heading has-black-color has-text-color has-link-color has-medium-font-size wp-elements-750f174a5fb2003173809f697b5308a5\">Rates<\/h2>\n\n\n\n<p>What you have to pay for a visit to the pulmonologist depends very much on your personal situation and the tests required.<\/p>\n\n\n\n<p>Patients with CMU or ALD will not have to make any advance payments&nbsp;<\/p>\n\n\n\n<p>You will find a list of our fees in the waiting room and at the secretariat.<\/p>\n\n\n\n<p>Accepted payment methods: credit card, cheque or cash<\/p>\n\n\n\n<p>You can always contact the secretariat if you have any questions on this subject at 0987349752.<\/p>\n\n\n\n<p><\/p>","protected":false},"excerpt":{"rendered":"<p>Afin de pouvoir vous aider au mieux, il est important que nous ayons une vue d&rsquo;ensemble de toutes vos donn\u00e9es m\u00e9dicales. Nous vous demandons donc d&rsquo;apporter des informations pertinentes sur votre sant\u00e9 et vos ant\u00e9c\u00e9dents m\u00e9dicaux. Vous n&rsquo;avez peut-\u00eatre pas toutes les informations disponibles, mais si possible, veuillez apporter avec vous : Carte Vitale valide &hellip; <\/p>\n<p class=\"link-more\"><a href=\"https:\/\/lungs.fr\/en\/bring\/\" class=\"more-link\">Continue reading<span class=\"screen-reader-text\"> \u00ab\u00a0Informations m\u00e9dicales\u00a0\u00bb<\/span><\/a><\/p>","protected":false},"author":1,"featured_media":0,"parent":0,"menu_order":0,"comment_status":"closed","ping_status":"closed","template":"","meta":{"footnotes":""},"class_list":["post-21","page","type-page","status-publish","hentry"],"_links":{"self":[{"href":"https:\/\/lungs.fr\/en\/wp-json\/wp\/v2\/pages\/21","targetHints":{"allow":["GET"]}}],"collection":[{"href":"https:\/\/lungs.fr\/en\/wp-json\/wp\/v2\/pages"}],"about":[{"href":"https:\/\/lungs.fr\/en\/wp-json\/wp\/v2\/types\/page"}],"author":[{"embeddable":true,"href":"https:\/\/lungs.fr\/en\/wp-json\/wp\/v2\/users\/1"}],"replies":[{"embeddable":true,"href":"https:\/\/lungs.fr\/en\/wp-json\/wp\/v2\/comments?post=21"}],"version-history":[{"count":36,"href":"https:\/\/lungs.fr\/en\/wp-json\/wp\/v2\/pages\/21\/revisions"}],"predecessor-version":[{"id":463,"href":"https:\/\/lungs.fr\/en\/wp-json\/wp\/v2\/pages\/21\/revisions\/463"}],"wp:attachment":[{"href":"https:\/\/lungs.fr\/en\/wp-json\/wp\/v2\/media?parent=21"}],"curies":[{"name":"wp","href":"https:\/\/api.w.org\/{rel}","templated":true}]}}