{"id":19,"date":"2024-11-15T10:33:13","date_gmt":"2024-11-15T10:33:13","guid":{"rendered":"https:\/\/lungs.azurewebsites.net\/?page_id=19"},"modified":"2025-09-18T14:19:29","modified_gmt":"2025-09-18T14:19:29","slug":"directions","status":"publish","type":"page","link":"https:\/\/lungs.fr\/en\/directions\/","title":{"rendered":"Itinerary"},"content":{"rendered":"<details class=\"wp-block-details is-layout-flow wp-block-details-is-layout-flow\"><summary>The Pneumology Department is located in the Clinique Bonnefon in Al\u00e8s. Al\u00e8s is in the Gard department, about 35 kilometers northwest of N\u00eemes. You can consult the map below and zoom in\/out to find the exact location.<br><\/summary>\n<p><\/p>\n<\/details>\n\n\n\n<p><\/p>\n\n\n\n<p><\/p>\n\n\n\n<p><\/p>\n\n\n<div id=\"wpgmza_map\" class=\"wpgmza_map\" data-settings='{\"id\":\"1\",\"map_title\":\"Location Clinique Bonnefon\",\"map_width\":\"450\",\"map_height\":\"300\",\"map_start_lat\":\"44.12254762797856\",\"map_start_lng\":\"4.086879494338267\",\"map_start_location\":\"45.950464398418106,-109.81550500000003\",\"map_start_zoom\":\"6\",\"default_marker\":\"\",\"type\":\"1\",\"alignment\":\"4\",\"directions_enabled\":\"0\",\"styling_enabled\":\"0\",\"styling_json\":\"\",\"active\":\"0\",\"kml\":\"\",\"bicycle\":\"0\",\"traffic\":\"0\",\"dbox\":\"0\",\"dbox_width\":\"\",\"listmarkers\":\"0\",\"listmarkers_advanced\":\"0\",\"filterbycat\":\"0\",\"ugm_enabled\":\"0\",\"ugm_category_enabled\":\"0\",\"fusion\":\"\",\"map_width_type\":\"px\",\"map_height_type\":\"px\",\"mass_marker_support\":\"0\",\"ugm_access\":\"0\",\"order_markers_by\":\"0\",\"order_markers_choice\":\"0\",\"show_user_location\":\"0\",\"default_to\":\"\",\"other_settings\":{\"map_type\":1,\"sl_stroke_color\":\"\",\"sl_fill_color\":\"\",\"sl_stroke_opacity\":\"\",\"sl_fill_opacity\":\"\",\"transport_layer\":false,\"action\":\"wpgmza_save_map\",\"redirect_to\":\"\\\/wp-admin\\\/admin-post.php\",\"map_id\":\"1\",\"http_referer\":\"\\\/wp-admin\\\/admin.php?page=wp-google-maps-menu&amp;amp;action=edit&amp;amp;map_id=1\",\"wpgmza_id\":\"1\",\"wpgmza_start_location\":\"44.12254762797856,4.086879494338267\",\"wpgmza_start_zoom\":\"8\",\"wpgmza_theme_data\":\"\",\"store_locator_enabled\":false,\"store_locator_search_area\":\"radial\",\"wpgmza_store_locator_radius_style\":\"legacy\",\"wpgmza_store_locator_default_radius\":\"10\",\"store_locator_auto_area_max_zoom\":\"\",\"store_locator_distance\":false,\"wpgmza_store_locator_position\":false,\"store_locator_show_distance\":false,\"store_locator_category\":false,\"wpgmza_store_locator_use_their_location\":false,\"wpgmza_store_locator_bounce\":false,\"wpgmza_sl_animation\":null,\"wpgmza_store_locator_hide_before_search\":false,\"store_locator_query_string\":\"\",\"store_locator_location_placeholder\":\"\",\"store_locator_default_address\":\"\",\"store_locator_name_search\":false,\"store_locator_name_string\":\"\",\"store_locator_not_found_message\":\"\",\"wpgmza_map_align\":\"1\",\"jump_to_nearest_marker_on_initialization\":false,\"automatically_pan_to_users_location\":false,\"override_users_location_zoom_level\":false,\"override_users_location_zoom_levels\":\"\",\"show_distance_from_location\":false,\"map_max_zoom\":\"21\",\"map_min_zoom\":\"0\",\"click_open_link\":false,\"fit_maps_bounds_to_markers\":false,\"fit_maps_bounds_to_markers_after_filtering\":false,\"hide_point_of_interest\":false,\"wpgmza_zoom_on_marker_click\":false,\"wpgmza_zoom_on_marker_click_slider\":\"\",\"close_infowindow_on_map_click\":false,\"disable_lightbox_images\":false,\"use_Raw_Jpeg_Coordinates\":false,\"polygon_labels\":false,\"disable_polygon_info_windows\":false,\"enable_marker_ratings\":false,\"enable_marker_labels\":false,\"only_load_markers_within_viewport\":false,\"zoom_level_mobile_override_enabled\":false,\"zoom_level_mobile_override\":\"\",\"iw_primary_color\":\"#000000\",\"iw_accent_color\":\"#000000\",\"iw_text_color\":\"#000000\",\"wpgmza_listmarkers_by\":\"0\",\"wpgmza_marker_listing_position\":false,\"wpgmza_push_in_map\":false,\"wpgmza_push_in_map_placement\":null,\"wpgmza_push_in_map_width\":\"\",\"wpgmza_push_in_map_height\":\"\",\"zoom_level_on_marker_listing_override\":false,\"zoom_level_on_marker_listing_click\":\"\",\"marker_listing_disable_zoom\":false,\"datatable_no_result_message\":\"\",\"remove_search_box_datables\":false,\"dataTable_pagination_style\":null,\"datatable_search_string\":\"\",\"datatable_result_start\":\"\",\"datatable_result_of\":\"\",\"datatable_result_to\":\"\",\"datatable_result_total\":\"\",\"datatable_result_show\":\"\",\"datatable_result_entries\":\"\",\"wpgmza_savemap\":\"Kaart opslaan \\u00bb\"}}' data-map-id='1' data-maps-engine='open-layers' data-shortcode-attributes='{\"id\":\"1\"}' style=\"display:block; overflow:auto; width:450px; height:300px; float:left;\"><\/div>\n\n\n<p><\/p>\n\n\n\n<p>Click on the link below for a detailed description of the route.<\/p>\n\n\n\n<p><a href=\"https:\/\/www.google.fr\/maps\/place\/Clinique+Bonnefon+-+ELSAN\/@44.1215176,4.0868531,17z\/data=!3m1!4b1!4m6!3m5!1s0x12b443610d04d13b:0xc065df403da0e2e0!8m2!3d44.1215176!4d4.0868531!16s%2Fg%2F1tdjmdn8?entry=ttu&amp;g_ep=EgoyMDI1MDkxMC4wIKXMDSoASAFQAw%3D%3D\">Clinique Bonnefon - ELSAN - Google Maps<\/a><\/p>\n\n\n\n<p>Parking is available in the clinic's own parking lot. If the parking lot is full, there is a very large second parking lot less than 100m away on foot.<\/p>\n\n\n\n<p><\/p>\n\n\n\n<p><strong>How to get to the Bonnefon Clinic<\/strong><\/p>\n\n\n\n<figure class=\"wp-block-image size-medium is-resized is-style-default\"><img loading=\"lazy\" decoding=\"async\" width=\"300\" height=\"195\" src=\"\/wp-content\/uploads\/2025\/09\/Clinique_Bonnefon_Ales-300x195.jpeg\" alt=\"\" class=\"wp-image-313\" style=\"width:469px;height:auto\" srcset=\"\/wp-content\/uploads\/2025\/09\/Clinique_Bonnefon_Ales-300x195.jpeg 300w, \/wp-content\/uploads\/2025\/09\/Clinique_Bonnefon_Ales-1024x667.jpeg 1024w, \/wp-content\/uploads\/2025\/09\/Clinique_Bonnefon_Ales-768x500.jpeg 768w, \/wp-content\/uploads\/2025\/09\/Clinique_Bonnefon_Ales-1536x1001.jpeg 1536w, \/wp-content\/uploads\/2025\/09\/Clinique_Bonnefon_Ales.jpeg 1650w\" sizes=\"auto, (max-width: 300px) 100vw, 300px\" \/><\/figure>\n\n\n\n<p><\/p>\n\n\n\n<p>If you enter the Clinique Bonnefon through the main entrance, take the 1st corridor on the right immediately after entering, then follow the green arrows on the floor to the end of the corridor after about 30 meters. There, you'll find the elevator immediately to your left. You can then go down to the second floor. Exit the elevator and turn left, and after 25 meters you'll find the secretariat on your left, where you can introduce yourself.<\/p>\n\n\n\n<p><\/p>","protected":false},"excerpt":{"rendered":"<p>Via le lien ci-dessous, vous verrez une description d\u00e9taill\u00e9e de l&rsquo;itin\u00e9raire. Clinique Bonnefon &#8211; ELSAN &#8211; Google Maps Un parking est disponible dans le parking de la Clinique lui-m\u00eame. Si le parking est plein, il y a un tr\u00e8s grand deuxi\u00e8me parking \u00e0 moins de 100m \u00e0 pied. Comment se rendre \u00e0 l&rsquo;int\u00e9rieur de la &hellip; <\/p>\n<p class=\"link-more\"><a href=\"https:\/\/lungs.fr\/en\/directions\/\" class=\"more-link\">Continue reading<span class=\"screen-reader-text\"> \u00ab\u00a0Itin\u00e9raire\u00a0\u00bb<\/span><\/a><\/p>","protected":false},"author":1,"featured_media":0,"parent":0,"menu_order":0,"comment_status":"closed","ping_status":"closed","template":"","meta":{"footnotes":""},"class_list":["post-19","page","type-page","status-publish","hentry"],"_links":{"self":[{"href":"https:\/\/lungs.fr\/en\/wp-json\/wp\/v2\/pages\/19","targetHints":{"allow":["GET"]}}],"collection":[{"href":"https:\/\/lungs.fr\/en\/wp-json\/wp\/v2\/pages"}],"about":[{"href":"https:\/\/lungs.fr\/en\/wp-json\/wp\/v2\/types\/page"}],"author":[{"embeddable":true,"href":"https:\/\/lungs.fr\/en\/wp-json\/wp\/v2\/users\/1"}],"replies":[{"embeddable":true,"href":"https:\/\/lungs.fr\/en\/wp-json\/wp\/v2\/comments?post=19"}],"version-history":[{"count":29,"href":"https:\/\/lungs.fr\/en\/wp-json\/wp\/v2\/pages\/19\/revisions"}],"predecessor-version":[{"id":465,"href":"https:\/\/lungs.fr\/en\/wp-json\/wp\/v2\/pages\/19\/revisions\/465"}],"wp:attachment":[{"href":"https:\/\/lungs.fr\/en\/wp-json\/wp\/v2\/media?parent=19"}],"curies":[{"name":"wp","href":"https:\/\/api.w.org\/{rel}","templated":true}]}}